{"id":1580,"date":"2024-07-22T19:19:24","date_gmt":"2024-07-22T17:19:24","guid":{"rendered":"https:\/\/whyai.lt\/shop\/cart\/"},"modified":"2024-11-22T15:40:19","modified_gmt":"2024-11-22T13:40:19","slug":"cart","status":"publish","type":"page","link":"https:\/\/whyai.lt\/en\/shop\/cart\/","title":{"rendered":"Cart"},"content":{"rendered":"[vc_row type=&#8221;in_container&#8221; full_screen_row_position=&#8221;middle&#8221; column_margin=&#8221;default&#8221; column_direction=&#8221;default&#8221; column_direction_tablet=&#8221;default&#8221; column_direction_phone=&#8221;default&#8221; bg_color=&#8221;#000000&#8243; scene_position=&#8221;center&#8221; text_color=&#8221;dark&#8221; text_align=&#8221;left&#8221; row_border_radius=&#8221;none&#8221; row_border_radius_applies=&#8221;bg&#8221; overflow=&#8221;visible&#8221; overlay_strength=&#8221;0.3&#8243; gradient_direction=&#8221;left_to_right&#8221; shape_divider_position=&#8221;bottom&#8221; bg_image_animation=&#8221;none&#8221; gradient_type=&#8221;default&#8221; shape_type=&#8221;&#8221;][vc_column column_padding=&#8221;no-extra-padding&#8221; column_padding_tablet=&#8221;inherit&#8221; column_padding_phone=&#8221;inherit&#8221; column_padding_position=&#8221;all&#8221; column_element_direction_desktop=&#8221;default&#8221; column_element_spacing=&#8221;default&#8221; desktop_text_alignment=&#8221;default&#8221; tablet_text_alignment=&#8221;default&#8221; phone_text_alignment=&#8221;default&#8221; background_color_opacity=&#8221;1&#8243; background_hover_color_opacity=&#8221;1&#8243; column_backdrop_filter=&#8221;none&#8221; column_shadow=&#8221;none&#8221; column_border_radius=&#8221;none&#8221; column_link_target=&#8221;_self&#8221; column_position=&#8221;default&#8221; gradient_direction=&#8221;left_to_right&#8221; overlay_strength=&#8221;0.3&#8243; width=&#8221;1\/1&#8243; tablet_width_inherit=&#8221;default&#8221; animation_type=&#8221;default&#8221; bg_image_animation=&#8221;none&#8221; border_type=&#8221;simple&#8221; column_border_width=&#8221;none&#8221; column_border_style=&#8221;solid&#8221;][vc_column_text css=&#8221;&#8221; text_direction=&#8221;default&#8221;]\r\n<div data-block-name=\"woocommerce\/cart\" class=\"wp-block-woocommerce-cart alignwide is-loading\">\r\n<div data-block-name=\"woocommerce\/filled-cart-block\" class=\"wp-block-woocommerce-filled-cart-block\">\r\n<div data-block-name=\"woocommerce\/cart-items-block\" class=\"wp-block-woocommerce-cart-items-block\">\r\n<div data-block-name=\"woocommerce\/cart-line-items-block\" class=\"wp-block-woocommerce-cart-line-items-block\">\u00a0<\/div>\r\n\r\n\r\n\r\n<div data-block-name=\"woocommerce\/cart-cross-sells-block\" class=\"wp-block-woocommerce-cart-cross-sells-block\">\r\n<h2 class=\"wp-block-heading has-large-font-size\">Galb\u016bt jus domina\u2026<\/h2>\r\n\r\n\r\n\r\n<div data-block-name=\"woocommerce\/cart-cross-sells-products-block\" class=\"wp-block-woocommerce-cart-cross-sells-products-block\">\u00a0<\/div>\r\n<\/div>\r\n<\/div>\r\n\r\n\r\n\r\n<div data-block-name=\"woocommerce\/cart-totals-block\" class=\"wp-block-woocommerce-cart-totals-block\">\r\n<div data-block-name=\"woocommerce\/cart-order-summary-block\" class=\"wp-block-woocommerce-cart-order-summary-block\">\r\n<div data-block-name=\"woocommerce\/cart-order-summary-heading-block\" class=\"wp-block-woocommerce-cart-order-summary-heading-block\">\u00a0<\/div>\r\n\r\n\r\n\r\n<div data-block-name=\"woocommerce\/cart-order-summary-coupon-form-block\" class=\"wp-block-woocommerce-cart-order-summary-coupon-form-block\">\u00a0<\/div>\r\n\r\n\r\n\r\n\r\n\r\n\r\n\r\n\r\n\r\n\r\n\r\n\r\n\r\n\r\n\r\n\r\n\r\n\r\n\r\n<div data-block-name=\"woocommerce\/cart-order-summary-totals-block\" class=\"wp-block-woocommerce-cart-order-summary-totals-block\">\n<div data-block-name=\"woocommerce\/cart-order-summary-subtotal-block\" class=\"wp-block-woocommerce-cart-order-summary-subtotal-block\">\u00a0<\/div>\n<div data-block-name=\"woocommerce\/cart-order-summary-discount-block\" class=\"wp-block-woocommerce-cart-order-summary-discount-block\">\u00a0<\/div>\n<div data-block-name=\"woocommerce\/cart-order-summary-fee-block\" class=\"wp-block-woocommerce-cart-order-summary-fee-block\">\u00a0<\/div>\n<div data-block-name=\"woocommerce\/cart-order-summary-shipping-block\" class=\"wp-block-woocommerce-cart-order-summary-shipping-block\">\u00a0<\/div>\n<div data-block-name=\"woocommerce\/cart-order-summary-taxes-block\" class=\"wp-block-woocommerce-cart-order-summary-taxes-block\">\u00a0<\/div><\/div>\r\n<\/div>\r\n\r\n\r\n\r\n<div data-block-name=\"woocommerce\/cart-express-payment-block\" class=\"wp-block-woocommerce-cart-express-payment-block\">\u00a0<\/div>\r\n\r\n\r\n\r\n<div data-block-name=\"woocommerce\/proceed-to-checkout-block\" class=\"wp-block-woocommerce-proceed-to-checkout-block\">\u00a0<\/div>\r\n\r\n\r\n\r\n<div data-block-name=\"woocommerce\/cart-accepted-payment-methods-block\" class=\"wp-block-woocommerce-cart-accepted-payment-methods-block\">\u00a0<\/div>\r\n<\/div>\r\n<\/div>\r\n\r\n\r\n\r\n<div data-block-name=\"woocommerce\/empty-cart-block\" class=\"wp-block-woocommerce-empty-cart-block\">\r\n<h2 class=\"wp-block-heading has-text-align-center with-empty-cart-icon wc-block-cart__empty-cart__title\">J\u016bs\u0173 krep\u0161elis \u0161iuo metu tu\u0161\u010dias!<\/h2>\r\n\r\n\r\n<hr class=\"wp-block-separator has-alpha-channel-opacity is-style-dots\" \/>\r\n\r\n\r\n<h2 class=\"wp-block-heading has-text-align-center\">Naujienos parduotuv\u0117je<\/h2>\r\n\r\n\r\n<div data-block-name=\"woocommerce\/product-new\" data-columns=\"4\" data-rows=\"1\" class=\"wc-block-grid wp-block-product-new wp-block-woocommerce-product-new wc-block-product-new has-4-columns\"><ul class=\"wc-block-grid__products\"><li class=\"wc-block-grid__product\">\n\t\t\t\t<a href=\"https:\/\/whyai.lt\/en\/product\/why-ai-open-training-for-managers-sold-out-kopija\/\" class=\"wc-block-grid__product-link\">\n\t\t\t\t\t\n\t\t\t\t\t<div class=\"wc-block-grid__product-image\"><img decoding=\"async\" width=\"300\" height=\"300\" src=\"https:\/\/whyai.lt\/wp-content\/uploads\/2024\/07\/13-300x300.jpg\" class=\"attachment-woocommerce_thumbnail size-woocommerce_thumbnail\" alt=\"Banner: open training for managers\" srcset=\"https:\/\/whyai.lt\/wp-content\/uploads\/2024\/07\/13-300x300.jpg 300w, https:\/\/whyai.lt\/wp-content\/uploads\/2024\/07\/13-150x150.jpg 150w, https:\/\/whyai.lt\/wp-content\/uploads\/2024\/07\/13-140x140.jpg 140w, https:\/\/whyai.lt\/wp-content\/uploads\/2024\/07\/13-100x100.jpg 100w, https:\/\/whyai.lt\/wp-content\/uploads\/2024\/07\/13-500x500.jpg 500w, https:\/\/whyai.lt\/wp-content\/uploads\/2024\/07\/13-350x350.jpg 350w, https:\/\/whyai.lt\/wp-content\/uploads\/2024\/07\/13-1000x1000.jpg 1000w, https:\/\/whyai.lt\/wp-content\/uploads\/2024\/07\/13-800x800.jpg 800w\" sizes=\"(max-width: 300px) 100vw, 300px\" \/><\/div>\n\t\t\t\t\t<div class=\"wc-block-grid__product-title\">WHY AI open training for managers: 14 April (advanced)<\/div>\n\t\t\t\t<\/a>\n\t\t\t\t<div class=\"wc-block-grid__product-price price\"><span class=\"woocommerce-Price-amount amount\">180,00&nbsp;<span class=\"woocommerce-Price-currencySymbol\">&euro;<\/span><\/span><\/div>\n\t\t\t\t\n\t\t\t\t<div class=\"wp-block-button wc-block-grid__product-add-to-cart\"><a href=\"https:\/\/whyai.lt\/en\/product\/why-ai-open-training-for-managers-sold-out-kopija\/\" aria-label=\"Read more about &ldquo;WHY AI open training for managers: 14 April (advanced)&rdquo;\" data-quantity=\"1\" data-product_id=\"2084\" data-product_sku=\"\" data-price=\"180\" rel=\"nofollow\" class=\"wp-block-button__link  add_to_cart_button\">Read more<\/a><\/div>\n\t\t\t<\/li><li class=\"wc-block-grid__product\">\n\t\t\t\t<a href=\"https:\/\/whyai.lt\/en\/product\/why-ai-community-annual-membership\/\" class=\"wc-block-grid__product-link\">\n\t\t\t\t\t\n\t\t\t\t\t<div class=\"wc-block-grid__product-image\"><img decoding=\"async\" width=\"300\" height=\"300\" src=\"https:\/\/whyai.lt\/wp-content\/uploads\/2024\/07\/5-7-300x300.jpg\" class=\"attachment-woocommerce_thumbnail size-woocommerce_thumbnail\" alt=\"Why AI Community - banner\" srcset=\"https:\/\/whyai.lt\/wp-content\/uploads\/2024\/07\/5-7-300x300.jpg 300w, https:\/\/whyai.lt\/wp-content\/uploads\/2024\/07\/5-7-150x150.jpg 150w, https:\/\/whyai.lt\/wp-content\/uploads\/2024\/07\/5-7-140x140.jpg 140w, https:\/\/whyai.lt\/wp-content\/uploads\/2024\/07\/5-7-100x100.jpg 100w, https:\/\/whyai.lt\/wp-content\/uploads\/2024\/07\/5-7-500x500.jpg 500w, https:\/\/whyai.lt\/wp-content\/uploads\/2024\/07\/5-7-350x350.jpg 350w, https:\/\/whyai.lt\/wp-content\/uploads\/2024\/07\/5-7-1000x1000.jpg 1000w, https:\/\/whyai.lt\/wp-content\/uploads\/2024\/07\/5-7-800x800.jpg 800w\" sizes=\"(max-width: 300px) 100vw, 300px\" \/><\/div>\n\t\t\t\t\t<div class=\"wc-block-grid__product-title\">WHY AI Community Annual Membership<\/div>\n\t\t\t\t<\/a>\n\t\t\t\t<div class=\"wc-block-grid__product-price price\"><span class=\"woocommerce-Price-amount amount\">299,00&nbsp;<span class=\"woocommerce-Price-currencySymbol\">&euro;<\/span><\/span><\/div>\n\t\t\t\t\n\t\t\t\t<div class=\"wp-block-button wc-block-grid__product-add-to-cart\"><a href=\"\/en\/wp-json\/wp\/v2\/pages\/1580?add-to-cart=1938\" aria-label=\"Add to cart: &ldquo;WHY AI Community Annual Membership&rdquo;\" data-quantity=\"1\" data-product_id=\"1938\" data-product_sku=\"\" data-price=\"299\" rel=\"nofollow\" class=\"wp-block-button__link  add_to_cart_button ajax_add_to_cart\">Add to cart<\/a><\/div>\n\t\t\t<\/li><li class=\"wc-block-grid__product\">\n\t\t\t\t<a href=\"https:\/\/whyai.lt\/en\/product\/prompt-engineering-training-video\/\" class=\"wc-block-grid__product-link\">\n\t\t\t\t\t\n\t\t\t\t\t<div class=\"wc-block-grid__product-image\"><img decoding=\"async\" width=\"300\" height=\"300\" src=\"https:\/\/whyai.lt\/wp-content\/uploads\/2024\/09\/1-300x300.jpeg\" class=\"attachment-woocommerce_thumbnail size-woocommerce_thumbnail\" alt=\"Prompt Engineering training\" srcset=\"https:\/\/whyai.lt\/wp-content\/uploads\/2024\/09\/1-300x300.jpeg 300w, https:\/\/whyai.lt\/wp-content\/uploads\/2024\/09\/1-150x150.jpeg 150w, https:\/\/whyai.lt\/wp-content\/uploads\/2024\/09\/1-140x140.jpeg 140w, https:\/\/whyai.lt\/wp-content\/uploads\/2024\/09\/1-100x100.jpeg 100w, https:\/\/whyai.lt\/wp-content\/uploads\/2024\/09\/1-500x500.jpeg 500w, https:\/\/whyai.lt\/wp-content\/uploads\/2024\/09\/1-350x350.jpeg 350w, https:\/\/whyai.lt\/wp-content\/uploads\/2024\/09\/1-1000x1000.jpeg 1000w, https:\/\/whyai.lt\/wp-content\/uploads\/2024\/09\/1-800x800.jpeg 800w\" sizes=\"(max-width: 300px) 100vw, 300px\" \/><\/div>\n\t\t\t\t\t<div class=\"wc-block-grid__product-title\">Prompt Engineering training video<\/div>\n\t\t\t\t<\/a>\n\t\t\t\t<div class=\"wc-block-grid__product-price price\"><span class=\"woocommerce-Price-amount amount\">90,00&nbsp;<span class=\"woocommerce-Price-currencySymbol\">&euro;<\/span><\/span><\/div>\n\t\t\t\t\n\t\t\t\t<div class=\"wp-block-button wc-block-grid__product-add-to-cart\"><a href=\"\/en\/wp-json\/wp\/v2\/pages\/1580?add-to-cart=1943\" aria-label=\"Add to cart: &ldquo;Prompt Engineering training video&rdquo;\" data-quantity=\"1\" data-product_id=\"1943\" data-product_sku=\"\" data-price=\"90\" rel=\"nofollow\" class=\"wp-block-button__link  add_to_cart_button ajax_add_to_cart\">Add to cart<\/a><\/div>\n\t\t\t<\/li><li class=\"wc-block-grid__product\">\n\t\t\t\t<a href=\"https:\/\/whyai.lt\/en\/product\/why-ai-open-training-for-marketers-sold-out\/\" class=\"wc-block-grid__product-link\">\n\t\t\t\t\t\n\t\t\t\t\t<div class=\"wc-block-grid__product-image\"><img decoding=\"async\" width=\"300\" height=\"300\" src=\"https:\/\/whyai.lt\/wp-content\/uploads\/2024\/07\/12-300x300.jpg\" class=\"attachment-woocommerce_thumbnail size-woocommerce_thumbnail\" alt=\"Banner: Open training for marketing\" srcset=\"https:\/\/whyai.lt\/wp-content\/uploads\/2024\/07\/12-300x300.jpg 300w, https:\/\/whyai.lt\/wp-content\/uploads\/2024\/07\/12-150x150.jpg 150w, https:\/\/whyai.lt\/wp-content\/uploads\/2024\/07\/12-140x140.jpg 140w, https:\/\/whyai.lt\/wp-content\/uploads\/2024\/07\/12-100x100.jpg 100w, https:\/\/whyai.lt\/wp-content\/uploads\/2024\/07\/12-500x500.jpg 500w, https:\/\/whyai.lt\/wp-content\/uploads\/2024\/07\/12-350x350.jpg 350w, https:\/\/whyai.lt\/wp-content\/uploads\/2024\/07\/12-1000x1000.jpg 1000w, https:\/\/whyai.lt\/wp-content\/uploads\/2024\/07\/12-800x800.jpg 800w\" sizes=\"(max-width: 300px) 100vw, 300px\" \/><\/div>\n\t\t\t\t\t<div class=\"wc-block-grid__product-title\">WHY AI Open Training for marketers: sold out<\/div>\n\t\t\t\t<\/a>\n\t\t\t\t<div class=\"wc-block-grid__product-price price\"><span class=\"woocommerce-Price-amount amount\">180,00&nbsp;<span class=\"woocommerce-Price-currencySymbol\">&euro;<\/span><\/span><\/div>\n\t\t\t\t\n\t\t\t\t<div class=\"wp-block-button wc-block-grid__product-add-to-cart\"><a href=\"https:\/\/whyai.lt\/en\/product\/why-ai-open-training-for-marketers-sold-out\/\" aria-label=\"Read more about &ldquo;WHY AI Open Training for marketers: sold out&rdquo;\" data-quantity=\"1\" data-product_id=\"1942\" data-product_sku=\"\" data-price=\"180\" rel=\"nofollow\" class=\"wp-block-button__link  add_to_cart_button\">Read more<\/a><\/div>\n\t\t\t<\/li><\/ul><\/div><\/div>\r\n<\/div>\r\n\r\n<p>&nbsp;<\/p>\r\n[\/vc_column_text][\/vc_column][\/vc_row]","protected":false},"excerpt":{"rendered":"<p>[vc_row type=&#8221;in_container&#8221; full_screen_row_position=&#8221;middle&#8221; column_margin=&#8221;default&#8221; column_direction=&#8221;default&#8221; column_direction_tablet=&#8221;default&#8221; column_direction_phone=&#8221;default&#8221; bg_color=&#8221;#000000&#8243; scene_position=&#8221;center&#8221; text_color=&#8221;dark&#8221; text_align=&#8221;left&#8221; row_border_radius=&#8221;none&#8221; row_border_radius_applies=&#8221;bg&#8221; overflow=&#8221;visible&#8221; overlay_strength=&#8221;0.3&#8243; gradient_direction=&#8221;left_to_right&#8221; shape_divider_position=&#8221;bottom&#8221; bg_image_animation=&#8221;none&#8221; gradient_type=&#8221;default&#8221; shape_type=&#8221;&#8221;][vc_column column_padding=&#8221;no-extra-padding&#8221; column_padding_tablet=&#8221;inherit&#8221; column_padding_phone=&#8221;inherit&#8221; column_padding_position=&#8221;all&#8221; column_element_direction_desktop=&#8221;default&#8221; column_element_spacing=&#8221;default&#8221; desktop_text_alignment=&#8221;default&#8221; tablet_text_alignment=&#8221;default&#8221; phone_text_alignment=&#8221;default&#8221; background_color_opacity=&#8221;1&#8243;&#8230;<\/p>\n","protected":false},"author":2,"featured_media":0,"parent":1579,"menu_order":0,"comment_status":"closed","ping_status":"closed","template":"","meta":{"footnotes":""},"class_list":["post-1580","page","type-page","status-publish"],"_links":{"self":[{"href":"https:\/\/whyai.lt\/en\/wp-json\/wp\/v2\/pages\/1580","targetHints":{"allow":["GET"]}}],"collection":[{"href":"https:\/\/whyai.lt\/en\/wp-json\/wp\/v2\/pages"}],"about":[{"href":"https:\/\/whyai.lt\/en\/wp-json\/wp\/v2\/types\/page"}],"author":[{"embeddable":true,"href":"https:\/\/whyai.lt\/en\/wp-json\/wp\/v2\/users\/2"}],"replies":[{"embeddable":true,"href":"https:\/\/whyai.lt\/en\/wp-json\/wp\/v2\/comments?post=1580"}],"version-history":[{"count":0,"href":"https:\/\/whyai.lt\/en\/wp-json\/wp\/v2\/pages\/1580\/revisions"}],"up":[{"embeddable":true,"href":"https:\/\/whyai.lt\/en\/wp-json\/wp\/v2\/pages\/1579"}],"wp:attachment":[{"href":"https:\/\/whyai.lt\/en\/wp-json\/wp\/v2\/media?parent=1580"}],"curies":[{"name":"wp","href":"https:\/\/api.w.org\/{rel}","templated":true}]}}